{"id":1951,"date":"2024-08-30T13:25:05","date_gmt":"2024-08-30T11:25:05","guid":{"rendered":"https:\/\/courttech.com.web41.webflow.de\/impressum\/"},"modified":"2025-05-21T13:06:05","modified_gmt":"2025-05-21T11:06:05","slug":"imprint","status":"publish","type":"page","link":"https:\/\/courttech.com\/en\/imprint\/","title":{"rendered":"Imprint"},"content":{"rendered":"<div>\n<h1 class=\"uk-article-title\">Site Notice<\/h1>\n<div class=\"uk-margin-medium\" property=\"text\">\n<h2>Information provided according to Sec. 5 German Telemedia Act (TMG)<\/h2>\n<p>CT Management GmbH<br \/>Rupertistra\u00dfe 7<br \/>83278 Traunstein<\/p>\n<h2>Represented by<\/h2>\n<p>CT Management GmbH, vertreten durch:<br \/>Gesch\u00e4ftsf\u00fchrer Marco Tutsch &amp; Thierry Maingot<\/p>\n<h2>Contact<\/h2>\n<p>Telephone: +49 861 230848-0<br \/>Telefax: +49 861 230848-29<br \/>E-Mail:<a href=\"mailto:info@courttech.com\"> info@courttech.com<\/a><\/p>\n<h2>Register entry<\/h2>\n<p>Entry in the Handelsregister.<br \/>Registering court: Traunstein<br \/>Registration number: HRB 22105<\/p>\n<h2>VAT<\/h2>\n<p>VAT Id number according to Sec. 27 a German Value Added Tax Act:<br \/>UID: DE 283 22 24 43<\/p>\n<h2>Dispute resolution<\/h2>\n<p>We do not take part in online dispute resolutions at consumer arbitration boards.<\/p>\n<h3>Liability for Contents<\/h3>\n<p>As service providers, we are liable for own contents of these websites according to Sec. 7, paragraph 1 German Telemedia Act (TMG). However, according to Sec. 8 to 10 German Telemedia Act (TMG), service providers are not obligated to permanently monitor submitted or stored information or to search for evidences that indicate illegal activities.<\/p>\n<p>Legal obligations to removing information or to blocking the use of information remain unchallenged. In this case, liability is only possible at the time of knowledge about a specific violation of law. Illegal contents will be removed immediately at the time we get knowledge of them.<\/p>\n<p><\/p>\n<h3>Liability for Links<\/h3>\n<p>Our offer includes links to external third party websites. We have no influence on the contents of those websites, therefore we cannot guarantee for those contents. Providers or administrators of linked websites are always responsible for their own contents.<\/p>\n<p>The linked websites had been checked for possible violations of law at the time of the establishment of the link. Illegal contents were not detected at the time of the linking. A permanent monitoring of the contents of linked websites cannot be imposed without reasonable indications that there has been a violation of law. Illegal links will be removed immediately at the time we get knowledge of them.<\/p>\n<p><\/p>\n<h3>Copyright<\/h3>\n<p>Contents and compilations published on these websites by the providers are subject to German copyright laws. Reproduction, editing, distribution as well as the use of any kind outside the scope of the copyright law require a written permission of the author or originator. Downloads and copies of these websites are permitted for private use only.<br \/>The commercial use of our contents without permission of the originator is prohibited.<\/p>\n<p>Copyright laws of third parties are respected as long as the contents on these websites do not originate from the provider. Contributions of third parties on this site are indicated as such. However, if you notice any violations of copyright law, please inform us. Such contents will be removed immediately.<\/p>\n<\/div>\n<\/div>\n<h1>Terms and Conditions<\/h1>\n<ul>\n<li>\n        <a href=\"\/wp-content\/uploads\/2024\/08\/2022_CTP_AGB-Construction-Assembly-Deutsch-Englisch.pdf\">CTP_AGB-Construction-Assembly<\/a>\n    <\/li>\n<li>\n        <a href=\"\/wp-content\/uploads\/2024\/08\/2022_CTP_AGB-Sale-Delivery-Deutsch-Englisch.pdf\">CTP_AGB-Sale-Delivery<\/a>\n    <\/li>\n<li>\n        <a href=\"\/wp-content\/uploads\/2024\/08\/190904_13357_2019_AGB-Construction-and-Assembly_d_engl.pdf\">AGB-Construction-and-Assembly<\/a>\n    <\/li>\n<li>\n        <a href=\"\/wp-content\/uploads\/2024\/08\/191021_13357_2019_AGB-Sale-Delivery-Deutsch-Englisch.pdf\">AGB-Sale-Delivery<\/a>\n    <\/li>\n<\/ul>\n<div>\n<div>\n<h3>Address<\/h3>\n<div>\n<p>CT Management GmbH<br \/>Rupertistra\u00dfe 7<br \/>83278 Traunstein<br \/>Germany<\/p>\n<\/div>\n<\/div>\n<\/div>\n<div>\n<h3>Contact<\/h3>\n<div class=\"uk-panel uk-margin\">\n<div>Phone:+49 861 230848-0<br \/>Fax:+49 861 230848-29<br \/><a href=\"mailto:info@courttech.com\">info@courttech.com<\/a><\/div>\n<\/div>\n<\/div>\n<div>\n<h3>Information<\/h3>\n<div class=\"uk-panel widget widget_nav_menu\">\n<p><a href=\"https:\/\/courttech.com.web41.webflow.de\/en\/imprint\/\">Imprint<\/a><br \/><a href=\"https:\/\/courttech.com.web41.webflow.de\/en\/privacypolicy\/\">Privacy Policy<\/a><br \/><a href=\"https:\/\/courttech.com.web41.webflow.de\/en\/imprint\/#tac\">Terms and Conditions<\/a><\/p>\n<\/div>\n<\/div>\n<div>\n<h3>Socials<\/h3>\n<\/div>\n<ul>\n<li><a href=\"https:\/\/www.facebook.com\/courttech\">facebook<\/a>\n<\/li>\n<\/ul>\n<p><!--more--><br \/>\n<!-- {\"type\":\"layout\",\"children\":[{\"type\":\"section\",\"props\":{\"image_position\":\"center-center\",\"style\":\"default\",\"title_breakpoint\":\"xl\",\"title_position\":\"top-left\",\"title_rotation\":\"left\",\"vertical_align\":\"middle\",\"width\":\"default\"},\"children\":[{\"type\":\"row\",\"children\":[{\"type\":\"column\",\"props\":{\"image_position\":\"center-center\",\"position_sticky_breakpoint\":\"m\"},\"children\":[{\"type\":\"text\",\"props\":{\"column_breakpoint\":\"m\",\"content\":\"\n\n<h1 class=\\\"uk-article-title\\\">Site Notice<\\\/h1>\\n\n\n<div class=\\\"uk-margin-medium\\\" property=\\\"text\\\">\\n\n\n<h2>Information provided according to Sec. 5 German Telemedia Act (TMG)<\\\/h2>\\n\n\n<p>CT Management GmbH<br \\\/>Rupertistra\\u00dfe 7<br \\\/>83278 Traunstein<\\\/p>\\n\n\n<h2>Represented by<\\\/h2>\\n\n\n<p>CT Management GmbH, vertreten durch:<br \\\/>Gesch\\u00e4ftsf\\u00fchrer Marco Tutsch &amp; Thierry Maingot<\\\/p>\\n\n\n<h2>Contact<\\\/h2>\\n\n\n<p>Telephone: +49 861 230848-0<br \\\/>Telefax: +49 861 230848-29<br \\\/>E-Mail:<a href=\\\"mailto:info@courttech.com\\\"> info@courttech.com<\\\/a><\\\/p>\\n\n\n<h2>Register entry<\\\/h2>\\n\n\n<p>Entry in the Handelsregister.<br \\\/>Registering court: Traunstein<br \\\/>Registration number: HRB 22105<\\\/p>\\n\n\n<h2>VAT<\\\/h2>\\n\n\n<p>VAT Id number according to Sec. 27 a German Value Added Tax Act:<br \\\/>UID: DE 283 22 24 43<\\\/p>\\n\n\n<h2>Dispute resolution<\\\/h2>\\n\n\n<p>We do not take part in online dispute resolutions at consumer arbitration boards.<\\\/p>\\n\n\n<h3>Liability for Contents<\\\/h3>\\n\n\n<p>As service providers, we are liable for own contents of these websites according to Sec. 7, paragraph 1 German Telemedia Act (TMG). However, according to Sec. 8 to 10 German Telemedia Act (TMG), service providers are not obligated to permanently monitor submitted or stored information or to search for evidences that indicate illegal activities.<\\\/p>\\n\n\n<p>Legal obligations to removing information or to blocking the use of information remain unchallenged. In this case, liability is only possible at the time of knowledge about a specific violation of law. Illegal contents will be removed immediately at the time we get knowledge of them.<\\\/p>\\n<br \\\/>\\n\n\n<h3>Liability for Links<\\\/h3>\\n\n\n<p>Our offer includes links to external third party websites. We have no influence on the contents of those websites, therefore we cannot guarantee for those contents. Providers or administrators of linked websites are always responsible for their own contents.<\\\/p>\\n\n\n<p>The linked websites had been checked for possible violations of law at the time of the establishment of the link. Illegal contents were not detected at the time of the linking. A permanent monitoring of the contents of linked websites cannot be imposed without reasonable indications that there has been a violation of law. Illegal links will be removed immediately at the time we get knowledge of them.<\\\/p>\\n<br \\\/>\\n\n\n<h3>Copyright<\\\/h3>\\n\n\n<p>Contents and compilations published on these websites by the providers are subject to German copyright laws. Reproduction, editing, distribution as well as the use of any kind outside the scope of the copyright law require a written permission of the author or originator. Downloads and copies of these websites are permitted for private use only.<br \\\/>The commercial use of our contents without permission of the originator is prohibited.<\\\/p>\\n\n\n<p>Copyright laws of third parties are respected as long as the contents on these websites do not originate from the provider. Contributions of third parties on this site are indicated as such. However, if you notice any violations of copyright law, please inform us. Such contents will be removed immediately.<\\\/p>\\n<\\\/div>\",\"margin\":\"default\"},\"name\":\"Impressum\"}]}]}]},{\"type\":\"section\",\"props\":{\"id\":\"tac\",\"image_position\":\"center-center\",\"style\":\"default\",\"title_breakpoint\":\"xl\",\"title_position\":\"top-left\",\"title_rotation\":\"left\",\"vertical_align\":\"middle\",\"width\":\"default\"},\"children\":[{\"type\":\"row\",\"children\":[{\"type\":\"column\",\"props\":{\"image_position\":\"center-center\",\"position_sticky_breakpoint\":\"m\"},\"children\":[{\"type\":\"headline\",\"props\":{\"content\":\"Terms and Conditions\",\"title_element\":\"h1\"}}]}]},{\"type\":\"row\",\"props\":{\"layout\":\"1-3,2-3\"},\"children\":[{\"type\":\"column\",\"props\":{\"image_position\":\"center-center\",\"position_sticky_breakpoint\":\"m\",\"width_medium\":\"1-3\"},\"children\":[{\"type\":\"subnav\",\"children\":[{\"type\":\"subnav_item\",\"props\":{\"content\":\"CTP_AGB-Construction-Assembly\",\"link\":\"wp-content\\\/uploads\\\/2024\\\/08\\\/2022_CTP_AGB-Construction-Assembly-Deutsch-Englisch.pdf\",\"link_target\":true}},{\"type\":\"subnav_item\",\"props\":{\"content\":\"CTP_AGB-Sale-Delivery\",\"link\":\"wp-content\\\/uploads\\\/2024\\\/08\\\/2022_CTP_AGB-Sale-Delivery-Deutsch-Englisch.pdf\",\"link_target\":true}},{\"type\":\"subnav_item\",\"props\":{\"content\":\"AGB-Construction-and-Assembly\",\"link\":\"wp-content\\\/uploads\\\/2024\\\/08\\\/190904_13357_2019_AGB-Construction-and-Assembly_d_engl.pdf\",\"link_target\":true}},{\"type\":\"subnav_item\",\"props\":{\"content\":\"AGB-Sale-Delivery\",\"link\":\"wp-content\\\/uploads\\\/2024\\\/08\\\/191021_13357_2019_AGB-Sale-Delivery-Deutsch-Englisch.pdf\",\"link_target\":true}}]}]},{\"type\":\"column\",\"props\":{\"image_position\":\"center-center\",\"position_sticky_breakpoint\":\"m\",\"width_medium\":\"2-3\"}}]}],\"name\":\"Terms and Conditions\"},{\"type\":\"section\",\"props\":{\"image_position\":\"center-center\",\"style\":\"secondary\",\"title_breakpoint\":\"xl\",\"title_position\":\"top-left\",\"title_rotation\":\"left\",\"vertical_align\":\"\",\"width\":\"default\"},\"children\":[{\"type\":\"row\",\"props\":{\"layout\":\"1-4,1-4,1-4,1-4|1-2,1-2,1-2,1-2\"},\"children\":[{\"type\":\"column\",\"props\":{\"image_position\":\"center-center\",\"position_sticky_breakpoint\":\"m\",\"width_medium\":\"1-4\",\"width_small\":\"1-2\"},\"children\":[{\"type\":\"text\",\"props\":{\"column_breakpoint\":\"m\",\"content\":\"\n\n<div>\\n\n\n<h3>Address<\\\/h3>\\n\n\n<div>\\n\n\n<p>CT Management GmbH<br \\\/>Rupertistra\\u00dfe 7<br \\\/>83278 Traunstein<br \\\/>Germany<\\\/p>\\n<\\\/div>\\n<\\\/div>\",\"margin\":\"default\"},\"name\":\"Address\"}]},{\"type\":\"column\",\"props\":{\"image_position\":\"center-center\",\"position_sticky_breakpoint\":\"m\",\"width_medium\":\"1-4\",\"width_small\":\"1-2\"},\"children\":[{\"type\":\"text\",\"props\":{\"column_breakpoint\":\"m\",\"content\":\"\n\n<h3>Contact<\\\/h3>\\n\n\n<div class=\\\"uk-panel uk-margin\\\">\\n\n\n<div>Phone:+49 861 230848-0<br \\\/>Fax:+49 861 230848-29<br \\\/><a href=\\\"mailto:info@courttech.com\\\">info@courttech.com<\\\/a><\\\/div>\\n<\\\/div>\",\"margin\":\"default\"},\"name\":\"Kontakt\"}]},{\"type\":\"column\",\"props\":{\"image_position\":\"center-center\",\"position_sticky_breakpoint\":\"m\",\"width_medium\":\"1-4\",\"width_small\":\"1-2\"},\"children\":[{\"type\":\"text\",\"props\":{\"column_breakpoint\":\"m\",\"content\":\"\n\n<h3>Information<\\\/h3>\\n\n\n<div class=\\\"uk-panel widget widget_nav_menu\\\">\\n\n\n<p><a href=\\\"https:\\\/\\\/courttech.com.web41.webflow.de\\\/en\\\/imprint\\\/\\\">Imprint<\\\/a><br \\\/><a href=\\\"\\\/en\\\/privacypolicy\\\/\\\">Privacy Policy<\\\/a><br \\\/><a href=\\\"\\\/en\\\/imprint\\\/#tac\\\">Terms and Conditions<\\\/a><\\\/p>\\n<\\\/div>\",\"margin\":\"default\"},\"name\":\"Information\"}]},{\"type\":\"column\",\"props\":{\"image_position\":\"center-center\",\"position_sticky_breakpoint\":\"m\",\"width_medium\":\"1-4\",\"width_small\":\"1-2\"},\"children\":[{\"type\":\"text\",\"props\":{\"column_breakpoint\":\"m\",\"content\":\"\n\n<h3>Socials<\\\/h3>\",\"margin\":\"default\"},\"name\":\"Socials\"},{\"type\":\"social\",\"props\":{\"grid\":\"horizontal\",\"grid_column_gap\":\"small\",\"grid_row_gap\":\"small\",\"image_svg_inline\":true,\"link_style\":\"button\",\"link_target\":true,\"margin\":\"default\"},\"children\":[{\"type\":\"social_item\",\"props\":{\"icon\":\"facebook\",\"link\":\"https:\\\/\\\/www.facebook.com\\\/courttech\"}}]}]}]},{\"type\":\"row\",\"children\":[{\"type\":\"column\",\"props\":{\"image_position\":\"center-center\",\"position_sticky_breakpoint\":\"m\"}}]}],\"name\":\"Footer EN ok\"}],\"version\":\"4.5.16\"} --><\/p>\n","protected":false},"excerpt":{"rendered":"<p>Site Notice Information provided according to Sec. 5 German Telemedia Act (TMG) CT Management GmbHRupertistra\u00dfe 783278 Traunstein Represented by CT Management GmbH, vertreten durch:Gesch\u00e4ftsf\u00fchrer Marco Tutsch &amp; Thierry Maingot Contact Telephone: +49 861 230848-0Telefax: +49 861 230848-29E-Mail: info@courttech.com Register entry Entry in the Handelsregister.Registering court: TraunsteinRegistration number: HRB 22105 VAT VAT Id number according to [&hellip;]<\/p>\n","protected":false},"author":1,"featured_media":0,"parent":0,"menu_order":0,"comment_status":"closed","ping_status":"closed","template":"","meta":{"footnotes":""},"class_list":["post-1951","page","type-page","status-publish","hentry"],"_links":{"self":[{"href":"https:\/\/courttech.com\/en\/wp-json\/wp\/v2\/pages\/1951","targetHints":{"allow":["GET"]}}],"collection":[{"href":"https:\/\/courttech.com\/en\/wp-json\/wp\/v2\/pages"}],"about":[{"href":"https:\/\/courttech.com\/en\/wp-json\/wp\/v2\/types\/page"}],"author":[{"embeddable":true,"href":"https:\/\/courttech.com\/en\/wp-json\/wp\/v2\/users\/1"}],"replies":[{"embeddable":true,"href":"https:\/\/courttech.com\/en\/wp-json\/wp\/v2\/comments?post=1951"}],"version-history":[{"count":10,"href":"https:\/\/courttech.com\/en\/wp-json\/wp\/v2\/pages\/1951\/revisions"}],"predecessor-version":[{"id":1977,"href":"https:\/\/courttech.com\/en\/wp-json\/wp\/v2\/pages\/1951\/revisions\/1977"}],"wp:attachment":[{"href":"https:\/\/courttech.com\/en\/wp-json\/wp\/v2\/media?parent=1951"}],"curies":[{"name":"wp","href":"https:\/\/api.w.org\/{rel}","templated":true}]}}